{"id":62,"date":"2026-01-12T15:22:03","date_gmt":"2026-01-12T15:22:03","guid":{"rendered":"https:\/\/riszmann.net\/?page_id=62"},"modified":"2026-01-13T16:07:27","modified_gmt":"2026-01-13T16:07:27","slug":"contact-improvisation-tanz","status":"publish","type":"page","link":"https:\/\/riszmann.net\/index.php\/contact-improvisation-tanz\/","title":{"rendered":"Contact-Impro Tanz"},"content":{"rendered":"\n<figure class=\"wp-block-image size-full is-resized\"><img loading=\"lazy\" decoding=\"async\" width=\"1024\" height=\"576\" src=\"https:\/\/riszmann.net\/wp-content\/uploads\/2026\/01\/Jam-Jena-2019.jpg\" alt=\"\" class=\"wp-image-51\" style=\"width:583px;height:auto\" srcset=\"https:\/\/riszmann.net\/wp-content\/uploads\/2026\/01\/Jam-Jena-2019.jpg 1024w, https:\/\/riszmann.net\/wp-content\/uploads\/2026\/01\/Jam-Jena-2019-300x169.jpg 300w, https:\/\/riszmann.net\/wp-content\/uploads\/2026\/01\/Jam-Jena-2019-768x432.jpg 768w\" sizes=\"auto, (max-width: 767px) 89vw, (max-width: 1000px) 54vw, (max-width: 1071px) 543px, 580px\" \/><\/figure>\n\n\n\n<p><strong>Contact Improvisation<\/strong>&nbsp;ist eine Tanzform, die in den 1970er von Steve Paxton u.a. ins Leben gerufen wurde. Der Schweizer T\u00e4nzer&nbsp;<a href=\"https:\/\/www.adrianrussi.com\/contact-improvisation.html\" target=\"_blank\" rel=\"noreferrer noopener\">Adrian Russi<\/a>&nbsp;beschreibt diese Tanzform so:<\/p>\n\n\n\n<p>Contact Improvisation ist eine Tanzform, in der die Physikalit\u00e4t des K\u00f6rpers und die Verspieltheit der Bewegung in unerwarteter und kreativer Weise aufeinandertreffen \u2026&nbsp; Ein Contact-Tanz beginnt oft damit, dass zwei T\u00e4nzerInnen gegeneinander lehnen, einander Gewicht abgeben und in den Kontaktpunkt hineinh\u00f6ren. Bald einmal werden sie dazu \u00fcbergehen, umeinander herumzurollen, zu gleiten, zusammen in den Boden hinein und wieder in die H\u00f6he zu bewegen \u2013 all das indem sie im Wechsel den K\u00f6rper des Partners nutzen und Unterst\u00fctzung anbieten. Vom ersten Moment an ist es eine Reise ins Unbekannte. Indem sie pr\u00e4zisen Bewegungsprinzipien folgen und der eigenen Wahrnehmung in den K\u00f6rper und die Schwerkraft vertrauen, er\u00f6ffnet sich ihnen ein weites Spektrum von Qualit\u00e4ten: der Tanz kann sanft und weich bleiben oder wird unvermittelt schnell und wild, je nach der Atmosph\u00e4re, die gerade herrscht und der Erfahrung der T\u00e4nzerInnen. Es ist ein Tanz im Hier und Jetzt, es ist pure Improvisation und K\u00f6rper-Kommunikation, und es geht auch um Instinkt und Intuition!<\/p>\n\n\n\n<hr class=\"wp-block-separator has-alpha-channel-opacity\"\/>\n\n\n\n<p><a href=\"https:\/\/ci-jena.de\" target=\"_blank\" rel=\"noreferrer noopener\">https:\/\/ci-jena.de<\/a><\/p>\n\n\n\n<p><a href=\"https:\/\/contactquarterly.com\/contact-improvisation\/about\" target=\"_blank\" rel=\"noreferrer noopener\">https:\/\/contactquarterly.com\/contact-improvisation\/about<\/a><\/p>\n\n\n\n<hr class=\"wp-block-separator has-alpha-channel-opacity\"\/>\n\n\n\n<p><\/p>\n","protected":false},"excerpt":{"rendered":"<p>Contact Improvisation&nbsp;ist eine Tanzform, die in den 1970er von Steve Paxton u.a. ins Leben gerufen wurde. Der Schweizer T\u00e4nzer&nbsp;Adrian Russi&nbsp;beschreibt diese Tanzform so: Contact Improvisation ist eine Tanzform, in der die Physikalit\u00e4t des K\u00f6rpers und die Verspieltheit der Bewegung in unerwarteter und kreativer Weise aufeinandertreffen \u2026&nbsp; Ein Contact-Tanz beginnt oft damit, dass zwei T\u00e4nzerInnen gegeneinander &hellip; <\/p>\n<p class=\"link-more\"><a href=\"https:\/\/riszmann.net\/index.php\/contact-improvisation-tanz\/\" class=\"more-link\"><span class=\"screen-reader-text\">\u201eContact-Impro Tanz\u201c <\/span>weiterlesen<\/a><\/p>\n","protected":false},"author":2,"featured_media":0,"parent":0,"menu_order":0,"comment_status":"closed","ping_status":"closed","template":"","meta":{"ngg_post_thumbnail":0,"footnotes":""},"class_list":["post-62","page","type-page","status-publish","hentry"],"_links":{"self":[{"href":"https:\/\/riszmann.net\/index.php\/wp-json\/wp\/v2\/pages\/62","targetHints":{"allow":["GET"]}}],"collection":[{"href":"https:\/\/riszmann.net\/index.php\/wp-json\/wp\/v2\/pages"}],"about":[{"href":"https:\/\/riszmann.net\/index.php\/wp-json\/wp\/v2\/types\/page"}],"author":[{"embeddable":true,"href":"https:\/\/riszmann.net\/index.php\/wp-json\/wp\/v2\/users\/2"}],"replies":[{"embeddable":true,"href":"https:\/\/riszmann.net\/index.php\/wp-json\/wp\/v2\/comments?post=62"}],"version-history":[{"count":8,"href":"https:\/\/riszmann.net\/index.php\/wp-json\/wp\/v2\/pages\/62\/revisions"}],"predecessor-version":[{"id":95,"href":"https:\/\/riszmann.net\/index.php\/wp-json\/wp\/v2\/pages\/62\/revisions\/95"}],"wp:attachment":[{"href":"https:\/\/riszmann.net\/index.php\/wp-json\/wp\/v2\/media?parent=62"}],"curies":[{"name":"wp","href":"https:\/\/api.w.org\/{rel}","templated":true}]}}